{"id":691,"date":"2022-11-13T18:56:13","date_gmt":"2022-11-13T17:56:13","guid":{"rendered":"https:\/\/www.jksrotmetal.cz\/?page_id=691"},"modified":"2025-07-27T19:41:17","modified_gmt":"2025-07-27T17:41:17","slug":"zemni-a-vykopove-prace","status":"publish","type":"page","link":"https:\/\/www.jksrotmetal.cz\/?page_id=691","title":{"rendered":"Zemn\u00ed a v\u00fdkopov\u00e9 pr\u00e1ce"},"content":{"rendered":"\n<h2>Zemn\u00ed a v\u00fdkopov\u00e9 pr\u00e1ce<\/h2>\n\n\n<p>Na\u0161e slu\u017eby jsme roz\u0161\u00ed\u0159ili o nab\u00eddku v\u00fdkopov\u00fdch a zemn\u00edch prac\u00ed. R\u00e1di V\u00e1m pom\u016f\u017eeme nap\u0159. s ter\u00e9nn\u00edmi \u00fapravami pozemk\u016f, s v\u00fdkopy z\u00e1klad\u016f, sklep\u016f a baz\u00e9n\u016f anebo p\u0159esuny zeminy a materi\u00e1lu. V\u00edce informac\u00ed na str\u00e1nce <a href=\"http:\/\/zemnivykopovepracekunovice.cz\">http:\/\/zemnivykopovepracekunovice.cz<\/a><\/p>\n\n\n<p>Pro zaji\u0161t\u011bn\u00ed t\u011bchto slu\u017eeb m\u00e1me k dispozici n\u00e1sleduj\u00edc\u00ed vybaven\u00ed:<\/p>\n\n\n\n<p><strong>Bagr Caterpillar<\/strong><\/p>\n\n\n\n<div class=\"wp-block-group\"><div class=\"wp-block-group__inner-container\">\n<div class=\"wp-block-group\"><div class=\"wp-block-group__inner-container\">\n<p>L\u017e\u00edce (\u0161\u00ed\u0159ka 20 cm, 40 cm nebo 60cm)&nbsp;<br>Svahov\u00e1 l\u017e\u00edce s n\u00e1klonem (\u0161\u00ed\u0159ka 150 cm)&nbsp;<\/p>\n<p><\/p>\n<\/div><\/div>\n<\/div><\/div>\n\n\n\n<p><strong>Manipul\u00e1tor<\/strong> <\/p>\n\n\n\n<div class=\"wp-block-group\"><div class=\"wp-block-group__inner-container\">\n<p>Dosah ramene a\u017e 7 metr\u016f<br>Velkoobjemov\u00e1 l\u017e\u00edce na p\u0159esun sypk\u00e9ho materi\u00e1lu<br>Paletovac\u00edmi vidle<br>Nosnost do 4 tun p\u0159i kr\u00e1tk\u00e9m zdvihu<\/p>\n<\/div><\/div>\n\n\n\n<p>Pro bli\u017e\u0161\u00ed informace a cenovou nab\u00eddku volejte na tel.:608 124 126, napi\u0161te na e-mail katkaosohova@seznam.cz nebo zav\u00edtejte p\u0159\u00edmo za n\u00e1mi do are\u00e1lu kovo\u0161rotu. <\/p>\n","protected":false},"excerpt":{"rendered":"<p>Zemn\u00ed a v\u00fdkopov\u00e9 pr\u00e1ce Na\u0161e slu\u017eby jsme roz\u0161\u00ed\u0159ili o nab\u00eddku v\u00fdkopov\u00fdch a zemn\u00edch prac\u00ed. R\u00e1di V\u00e1m pom\u016f\u017eeme nap\u0159. s ter\u00e9nn\u00edmi \u00fapravami pozemk\u016f, s v\u00fdkopy z\u00e1klad\u016f, sklep\u016f a baz\u00e9n\u016f anebo p\u0159esuny zeminy a materi\u00e1lu. V\u00edce informac\u00ed na str\u00e1nce http:\/\/zemnivykopovepracekunovice.cz Pro zaji\u0161t\u011bn\u00ed t\u011bchto slu\u017eeb m\u00e1me k dispozici n\u00e1sleduj\u00edc\u00ed vybaven\u00ed: Bagr Caterpillar Manipul\u00e1tor Pro bli\u017e\u0161\u00ed informace a cenovou&#8230; <\/p>\n","protected":false},"author":1,"featured_media":0,"parent":0,"menu_order":0,"comment_status":"closed","ping_status":"closed","template":"","meta":{"ngg_post_thumbnail":0},"_links":{"self":[{"href":"https:\/\/www.jksrotmetal.cz\/index.php?rest_route=\/wp\/v2\/pages\/691"}],"collection":[{"href":"https:\/\/www.jksrotmetal.cz\/index.php?rest_route=\/wp\/v2\/pages"}],"about":[{"href":"https:\/\/www.jksrotmetal.cz\/index.php?rest_route=\/wp\/v2\/types\/page"}],"author":[{"embeddable":true,"href":"https:\/\/www.jksrotmetal.cz\/index.php?rest_route=\/wp\/v2\/users\/1"}],"replies":[{"embeddable":true,"href":"https:\/\/www.jksrotmetal.cz\/index.php?rest_route=%2Fwp%2Fv2%2Fcomments&post=691"}],"version-history":[{"count":3,"href":"https:\/\/www.jksrotmetal.cz\/index.php?rest_route=\/wp\/v2\/pages\/691\/revisions"}],"predecessor-version":[{"id":862,"href":"https:\/\/www.jksrotmetal.cz\/index.php?rest_route=\/wp\/v2\/pages\/691\/revisions\/862"}],"wp:attachment":[{"href":"https:\/\/www.jksrotmetal.cz\/index.php?rest_route=%2Fwp%2Fv2%2Fmedia&parent=691"}],"curies":[{"name":"wp","href":"https:\/\/api.w.org\/{rel}","templated":true}]}}