{"id":26,"date":"2015-01-02T16:23:45","date_gmt":"2015-01-02T16:23:45","guid":{"rendered":"http:\/\/www.jksrotmetal.cz\/?page_id=26"},"modified":"2026-03-23T13:19:07","modified_gmt":"2026-03-23T12:19:07","slug":"cenik","status":"publish","type":"page","link":"https:\/\/www.jksrotmetal.cz\/?page_id=26","title":{"rendered":"Cen\u00edk"},"content":{"rendered":"\n<div class=\"wp-block-group\"><div class=\"wp-block-group__inner-container\">\n<h4 class=\"western\" style=\"text-align: center;\" align=\"center\"><span style=\"font-family: Arial,sans-serif;\">Cen\u00edk platn\u00fd od 23.3.2026<\/span><\/h4>\n<h6 style=\"text-align: center;\"><strong>Pen\u00edze zas\u00edl\u00e1me bezhotovostn\u011b na \u00fa\u010det (po dohod\u011b slo\u017eenkou)&nbsp;<\/strong><\/h6>\n<h6 style=\"text-align: center;\">&nbsp;<\/h6>\n<table style=\"margin-left: auto; margin-right: auto;\"><colgroup> <col width=\"104\"> <col width=\"350\"> <col width=\"130\"> <\/colgroup>\n<tbody>\n<tr valign=\"top\">\n<td width=\"104\">\n<h6 class=\"western\" style=\"text-align: center;\"><strong>&nbsp;K\u00f3d<br>odpadu<\/strong><\/h6>\n<\/td>\n<td width=\"350\">\n<h6 class=\"western\" style=\"text-align: center;\"><strong>Popis<\/strong><\/h6>\n<\/td>\n<td valign=\"top\" width=\"130\">\n<h6 class=\"western\" style=\"text-align: center;\" align=\"justify\"><strong>cena K\u010d\/kg&nbsp;<\/strong><\/h6>\n<h6 class=\"western\" style=\"text-align: center;\" align=\"justify\"><strong>bez DPH<\/strong><\/h6>\n<\/td>\n<\/tr>\n<tr valign=\"top\">\n<td width=\"104\">\n<h6 class=\"western\" align=\"center\"><strong>170405<\/strong><\/h6>\n<\/td>\n<td width=\"350\">\n<h6 class=\"western\"><strong>16 &#8211; neupraven\u00fd t\u011b\u017ek\u00fd kovov\u00fd odpad<\/strong><\/h6>\n<\/td>\n<td width=\"130\">\n<h6 class=\"western\" align=\"right\">3,50&nbsp; K\u010d<\/h6>\n<\/td>\n<\/tr>\n<tr valign=\"top\">\n<td width=\"104\">\n<h6 class=\"western\" align=\"center\"><strong>170405<\/strong><\/h6>\n<\/td>\n<td width=\"350\">\n<h6 class=\"western\"><strong>27 &#8211; star\u00fd lehk\u00fd kovov\u00fd odpad<\/strong><\/h6>\n<\/td>\n<td width=\"130\">\n<h6 class=\"western\" align=\"right\"><strong>3,50 K\u010d<\/strong><\/h6>\n<\/td>\n<\/tr>\n<tr valign=\"top\">\n<td width=\"104\">\n<h6 class=\"western\" align=\"center\"><strong>170405<\/strong><\/h6>\n<hr>\n<h6 class=\"western\" align=\"center\"><strong>&nbsp;zp\u011btn\u00fd odb\u011br<\/strong><\/h6>\n<\/td>\n<td width=\"350\">\n<h6 class=\"western\"><strong>28 &#8211; star\u00fd lehk\u00fd kovov\u00fd odpad (bojler,plyn.spor\u00e1k)<\/strong><\/h6>\n<hr>\n<h6 class=\"western\"><strong>&nbsp;Olov\u011bn\u00e9 akumul\u00e1tory<\/strong><\/h6>\n<\/td>\n<td width=\"130\">\n<h6 class=\"western\" align=\"right\"><strong>0,50&nbsp; K\u010d<\/strong><\/h6>\n<hr>\n<h6 class=\"western\" align=\"right\"><strong>10,- K\u010d<\/strong><\/h6>\n<\/td>\n<\/tr>\n<tr valign=\"top\">\n<td width=\"104\">\n<h6 class=\"western\" align=\"center\"><strong>170402<\/strong><\/h6>\n<\/td>\n<td width=\"350\">\n<h6 class=\"western\"><strong>Al \u2013 hlin\u00edk nov\u00fd dr\u00e1t<\/strong><\/h6>\n<\/td>\n<td width=\"130\">\n<h6 class=\"western\" align=\"right\"><strong>45,- K\u010d<\/strong><\/h6>\n<\/td>\n<\/tr>\n<tr valign=\"top\">\n<td width=\"104\">\n<h6 class=\"western\" align=\"center\"><strong>170402<\/strong><\/h6>\n<\/td>\n<td width=\"350\">\n<h6 class=\"western\"><strong>Al &#8211; hlin\u00edk sm\u011bs plech&nbsp;<\/strong><\/h6>\n<h6><strong>Al &#8211; hlin\u00edk profil nov\u00fd, star\u00fd<\/strong><\/h6>\n<h6><strong>Al &#8211; hlin\u00edk lit\u00fd nov\u00fd, star\u00fd<\/strong><\/h6>\n<\/td>\n<td width=\"130\">\n<h6 class=\"western\" align=\"right\"><strong>25,- K\u010d<\/strong><\/h6>\n<h6 align=\"right\"><strong>38,- K\u010d<\/strong><\/h6>\n<h6 align=\"right\"><strong>27,- K\u010d<\/strong><\/h6>\n<\/td>\n<\/tr>\n<tr valign=\"top\">\n<td width=\"104\">\n<h6 class=\"western\" align=\"center\"><strong>200140<\/strong><\/h6>\n<\/td>\n<td width=\"350\">\n<h6 class=\"western\"><strong>Al &#8211; hlin\u00edk &#8211; t\u0159\u00edsky<\/strong><\/h6>\n<\/td>\n<td width=\"130\">\n<h6 class=\"western\" align=\"right\"><strong>14,- K\u010d<\/strong><\/h6>\n<\/td>\n<\/tr>\n<tr valign=\"top\">\n<td width=\"104\" height=\"3\">\n<h6 class=\"western\" align=\"center\">170402<\/h6>\n<\/td>\n<td width=\"350\">\n<h6 class=\"western\"><strong>Al &#8211; hlin\u00edk &#8211; plechovky, \u017ealuzie<\/strong><\/h6>\n<\/td>\n<td width=\"130\">\n<h6 class=\"western\" align=\"right\"><strong>15,- K\u010d<\/strong><\/h6>\n<\/td>\n<\/tr>\n<tr valign=\"top\">\n<td width=\"104\" height=\"3\">\n<h6 class=\"western\" align=\"center\"><strong>170411<\/strong><\/h6>\n<\/td>\n<td width=\"350\">\n<h6 class=\"western\"><strong>Al &#8211; hlin\u00edk kabely a op\u0159eden\u00fd<\/strong><\/h6>\n<\/td>\n<td width=\"130\">\n<h6 class=\"western\" align=\"right\"><strong>1,- K\u010d<\/strong><\/h6>\n<\/td>\n<\/tr>\n<tr valign=\"top\">\n<td width=\"104\">\n<h6 class=\"western\" align=\"center\">170401<\/h6>\n<\/td>\n<td width=\"350\">\n<h6 class=\"western\"><strong>Cu &#8211; m\u011b\u010f dr\u00e1t nov\u00fd, leskl\u00fd nad 1 mm<\/strong><\/h6>\n<\/td>\n<td width=\"130\">\n<h6 class=\"western\" align=\"right\"><strong>220,- K\u010d<\/strong><\/h6>\n<\/td>\n<\/tr>\n<tr valign=\"top\">\n<td width=\"104\">\n<h6 class=\"western\" align=\"center\"><strong>170401<\/strong><\/h6>\n<\/td>\n<td width=\"350\">\n<h6 class=\"western\"><strong>Cu &#8211; m\u011b\u010f mix star\u00fd kus, plechy, opal., lak.<\/strong><\/h6>\n<\/td>\n<td width=\"130\">\n<h6 class=\"western\" align=\"right\"><strong>195,- K\u010d<\/strong><\/h6>\n<\/td>\n<\/tr>\n<tr valign=\"top\">\n<td width=\"104\" height=\"3\">\n<h6 class=\"western\" align=\"center\"><strong>170401<\/strong><\/h6>\n<\/td>\n<td width=\"350\">\n<h6 class=\"western\"><strong>Cu &#8211; m\u011b\u010f &#8211; plech nov\u00fd, vlasov\u00e1<\/strong><\/h6>\n<\/td>\n<td width=\"130\">\n<h6 class=\"western\" align=\"right\"><strong>200,- K\u010d<\/strong><\/h6>\n<\/td>\n<\/tr>\n<tr valign=\"top\">\n<td width=\"104\" height=\"3\">\n<h6 class=\"western\" align=\"center\"><strong>170401<\/strong><\/h6>\n<\/td>\n<td width=\"350\">\n<h6 class=\"western\"><strong>Cu &#8211; m\u011b\u010f &#8211; op\u0159eden\u00e1\/ karmy<\/strong><\/h6>\n<\/td>\n<td width=\"130\">\n<h6 class=\"western\" align=\"right\">160.- K\u010d<\/h6>\n<\/td>\n<\/tr>\n<tr valign=\"top\">\n<td width=\"104\" height=\"3\">\n<h6 class=\"western\" align=\"center\"><strong>170411<\/strong><\/h6>\n<\/td>\n<td width=\"350\">\n<h6 class=\"western\"><strong>Cu &#8211; m\u011b\u010f &#8211; kabely koaxi\u00e1ln\u00ed, datov\u00e9<\/strong><\/h6>\n<\/td>\n<td width=\"130\">\n<h6 class=\"western\" align=\"right\"><strong>9 &#8211; 10,- K\u010d<\/strong><\/h6>\n<\/td>\n<\/tr>\n<tr valign=\"top\">\n<td width=\"104\" height=\"3\">\n<h6 class=\"western\" align=\"center\"><strong>170411<\/strong><\/h6>\n<\/td>\n<td width=\"350\">\n<h6 class=\"western\"><strong>Cu &#8211; m\u011b\u010f &#8211; kabely s kon.\/ bez &#8211; dle kvality&nbsp; &nbsp;<\/strong><\/h6>\n<h6 class=\"western\"><strong>&nbsp;&#8211; autokabely (bez koncovek)<\/strong><\/h6>\n<\/td>\n<td width=\"130\">\n<h6 class=\"western\" align=\"right\"><strong>75,- K\u010d<\/strong><\/h6>\n<h6 class=\"western\" align=\"right\"><strong>85,- K\u010d <\/strong><\/h6>\n<\/td>\n<\/tr>\n<tr valign=\"top\">\n<td width=\"104\" height=\"3\">\n<h6 class=\"western\" align=\"center\"><strong>170401<\/strong><\/h6>\n<\/td>\n<td width=\"350\">\n<h6 class=\"western\"><strong>Ms &#8211; mosaz &#8211; t\u011b\u017ek\u00e1, star\u00e1+nov\u00e1, mix<\/strong><\/h6>\n<\/td>\n<td width=\"130\">\n<h6 class=\"western\" align=\"right\"><strong>120,- K\u010d<\/strong><\/h6>\n<\/td>\n<\/tr>\n<tr valign=\"top\">\n<td width=\"104\" height=\"8\">\n<h6 class=\"western\" align=\"center\"><strong>170405<\/strong><\/h6>\n<\/td>\n<td width=\"350\">\n<h6 class=\"western\"><strong>Nerez nemagnetick\u00e1 &#8211; kusov\u00e1, plech<\/strong><\/h6>\n<\/td>\n<td width=\"130\">\n<h6 class=\"western\" align=\"right\">16,- K\u010d<\/h6>\n<\/td>\n<\/tr>\n<tr valign=\"top\">\n<td width=\"104\" height=\"1\">\n<h6 class=\"western\" align=\"center\"><strong>170401<\/strong><\/h6>\n<\/td>\n<td width=\"350\">\n<h6 class=\"western\"><strong>Bronz<\/strong><\/h6>\n<\/td>\n<td width=\"130\">\n<h6 class=\"western\" align=\"right\"><strong>120,- K\u010d<\/strong><\/h6>\n<\/td>\n<\/tr>\n<tr valign=\"top\">\n<td width=\"104\" height=\"1\">\n<h6 class=\"western\" align=\"center\"><strong>170401<\/strong><\/h6>\n<\/td>\n<td width=\"350\">\n<h6 class=\"western\"><strong>Bronz hlin\u00edkov\u00e1, magnetick\u00e1<\/strong><\/h6>\n<\/td>\n<td width=\"130\">\n<h6 class=\"western\" align=\"right\"><strong>100,- K\u010d<\/strong><\/h6>\n<\/td>\n<\/tr>\n<tr valign=\"top\">\n<td width=\"104\" height=\"1\">\n<h6 class=\"western\" align=\"center\"><strong>170405<\/strong><\/h6>\n<\/td>\n<td width=\"350\">\n<h6 class=\"western\"><strong>T\u011b\u017ek\u00fd kovov\u00fd odpad &#8211; elektromotory&nbsp; Cu&nbsp;\/&nbsp;Al<\/strong><\/h6>\n<\/td>\n<td width=\"130\">\n<h6 class=\"western\" align=\"right\"><strong>12,- \/&nbsp;3,- K\u010d<\/strong><\/h6>\n<\/td>\n<\/tr>\n<tr valign=\"top\">\n<td width=\"104\" height=\"1\">\n<h6 class=\"western\" align=\"center\"><strong>170403<\/strong><\/h6>\n<\/td>\n<td width=\"350\">\n<h6 class=\"western\"><strong>Olovo<\/strong><\/h6>\n<\/td>\n<td width=\"130\">\n<h6 class=\"western\" align=\"right\"><strong>30,- K\u010d<\/strong><\/h6>\n<\/td>\n<\/tr>\n<tr valign=\"top\">\n<td width=\"104\" height=\"4\">\n<h6 class=\"western\" align=\"center\"><strong>170406<\/strong><\/h6>\n<\/td>\n<td width=\"350\">\n<h6 class=\"western\"><strong>C\u00edn<\/strong><\/h6>\n<\/td>\n<td width=\"130\">\n<h6 class=\"western\" align=\"right\"><strong>75,- K\u010d<\/strong><\/h6>\n<\/td>\n<\/tr>\n<tr valign=\"top\">\n<td width=\"104\" height=\"9\">\n<h6 class=\"western\" style=\"text-align: center;\"><strong>170404<\/strong><\/h6>\n<\/td>\n<td width=\"350\">\n<h6 class=\"western\"><strong>Zinek<\/strong><\/h6>\n<\/td>\n<td width=\"130\">\n<h6 class=\"western\" align=\"right\"><strong>24,- K\u010d<\/strong><\/h6>\n<\/td>\n<\/tr>\n<tr valign=\"top\">\n<td width=\"104\">\n<h6 class=\"western\" align=\"center\"><strong>170402<\/strong><\/h6>\n<\/td>\n<td width=\"350\">\n<h6 class=\"western\"><strong>Chladi\u010d Al-Cu bez Fe<\/strong><\/h6>\n<\/td>\n<td width=\"130\">\n<h6 class=\"western\" align=\"right\"><strong>35,- K\u010d<\/strong><\/h6>\n<\/td>\n<\/tr>\n<tr valign=\"top\">\n<td width=\"104\">\n<h6 class=\"western\" align=\"center\"><strong>170401<\/strong><\/h6>\n<\/td>\n<td width=\"350\">\n<h6 class=\"western\"><strong>Chladi\u010d Cu-Ms bez Fe<\/strong><\/h6>\n<\/td>\n<td width=\"130\">\n<h6 class=\"western\" align=\"right\"><strong>60,- K\u010d<\/strong><\/h6>\n<\/td>\n<\/tr>\n<tr valign=\"top\">\n<td width=\"104\">\n<h6 class=\"western\" align=\"center\"><strong>170402<\/strong><\/h6>\n<\/td>\n<td width=\"350\">\n<h6 class=\"western\"><strong>Chladi\u010d Al<\/strong><\/h6>\n<\/td>\n<td width=\"130\">\n<h6 class=\"western\" align=\"right\"><strong>16,- K\u010d<\/strong><\/h6>\n<\/td>\n<\/tr>\n<tr valign=\"top\">\n<td width=\"104\">\n<h6 class=\"western\" align=\"center\"><strong>200140<\/strong><\/h6>\n<\/td>\n<td width=\"350\">\n<h6 class=\"western\"><strong>Cu &#8211; m\u011b\u010f t\u0159\u00edsky, \u0161pony (dle kvality)<\/strong><\/h6>\n<\/td>\n<td width=\"130\">\n<h6 class=\"western\" style=\"text-align: right;\" align=\"right\"><strong>80-140,- K\u010d<\/strong><\/h6>\n<\/td>\n<\/tr>\n<tr valign=\"top\">\n<td width=\"104\" height=\"11\">\n<h6 style=\"text-align: center;\"><strong>200140<\/strong><\/h6>\n<\/td>\n<td width=\"350\">\n<h6 class=\"western\"><strong>Ms &#8211; mosazn\u00e9 t\u0159\u00edsky, \u0161pony (dle kvality)<\/strong><\/h6>\n<\/td>\n<td width=\"130\">\n<h6 class=\"western\" style=\"text-align: right;\" align=\"right\"><strong>50-80,- K\u010d<\/strong><\/h6>\n<\/td>\n<\/tr>\n<tr valign=\"top\">\n<td width=\"104\" height=\"11\">\n<h6 class=\"western\" align=\"center\"><strong>200140<\/strong><\/h6>\n<h6 class=\"western\" align=\"center\">&nbsp;<\/h6>\n<h6>&nbsp;<\/h6>\n<\/td>\n<td width=\"350\">\n<h6 class=\"western\"><strong>Bz &#8211; bronzov\u00e9 t\u0159\u00edsky, \u0161pony (dle kvality)<\/strong><\/h6>\n<\/td>\n<td width=\"130\">\n<h6 class=\"western\" style=\"text-align: right;\" align=\"right\"><strong>50-80,- K\u010d<\/strong><\/h6>\n<\/td>\n<\/tr>\n<tr valign=\"top\">\n<td width=\"104\">\n<h6 class=\"western\" align=\"center\"><strong>200101<\/strong><\/h6>\n<\/td>\n<td width=\"350\">\n<h6 class=\"western\"><strong>Noviny, \u010dasopisy, let\u00e1ky, knihy bez tvrd\u00fdch desek<\/strong><\/h6>\n<p><strong>&nbsp;<\/strong><\/p>\n<\/td>\n<td width=\"130\">\n<h6 class=\"western\" align=\"right\"><strong>1,- K\u010d<\/strong><\/h6>\n<\/td>\n<\/tr>\n<tr valign=\"top\">\n<td style=\"text-align: center;\" width=\"104\">\n<h6><strong>170407<\/strong><\/h6>\n<\/td>\n<td width=\"350\">\n<h6 class=\"western\" style=\"text-align: left;\"><strong>TK &#8211; SK pl\u00e1tky slinut\u00fd karbid<\/strong><\/h6>\n<\/td>\n<td width=\"130\">\n<h6 class=\"western\" align=\"right\"><strong>200,- K\u010d<\/strong><\/h6>\n<\/td>\n<\/tr>\n<\/tbody>\n<\/table>\n<\/div><\/div>\n\n\n\n<p><\/p>\n","protected":false},"excerpt":{"rendered":"","protected":false},"author":1,"featured_media":0,"parent":0,"menu_order":0,"comment_status":"closed","ping_status":"closed","template":"","meta":{"ngg_post_thumbnail":0},"_links":{"self":[{"href":"https:\/\/www.jksrotmetal.cz\/index.php?rest_route=\/wp\/v2\/pages\/26"}],"collection":[{"href":"https:\/\/www.jksrotmetal.cz\/index.php?rest_route=\/wp\/v2\/pages"}],"about":[{"href":"https:\/\/www.jksrotmetal.cz\/index.php?rest_route=\/wp\/v2\/types\/page"}],"author":[{"embeddable":true,"href":"https:\/\/www.jksrotmetal.cz\/index.php?rest_route=\/wp\/v2\/users\/1"}],"replies":[{"embeddable":true,"href":"https:\/\/www.jksrotmetal.cz\/index.php?rest_route=%2Fwp%2Fv2%2Fcomments&post=26"}],"version-history":[{"count":301,"href":"https:\/\/www.jksrotmetal.cz\/index.php?rest_route=\/wp\/v2\/pages\/26\/revisions"}],"predecessor-version":[{"id":893,"href":"https:\/\/www.jksrotmetal.cz\/index.php?rest_route=\/wp\/v2\/pages\/26\/revisions\/893"}],"wp:attachment":[{"href":"https:\/\/www.jksrotmetal.cz\/index.php?rest_route=%2Fwp%2Fv2%2Fmedia&parent=26"}],"curies":[{"name":"wp","href":"https:\/\/api.w.org\/{rel}","templated":true}]}}