{"id":2,"date":"2014-12-30T18:57:58","date_gmt":"2014-12-30T18:57:58","guid":{"rendered":"http:\/\/www.jksrotmetal.cz\/?page_id=2"},"modified":"2024-06-20T14:25:43","modified_gmt":"2024-06-20T12:25:43","slug":"zkusebni-stranka","status":"publish","type":"page","link":"https:\/\/www.jksrotmetal.cz\/?page_id=2","title":{"rendered":"O n\u00e1s"},"content":{"rendered":"<h2>V\u00fdkup \u017eeleza a barevn\u00fdch kov\u016f<\/h2>\n<div>\n<p style=\"text-align: justify;\">Kovo\u0161rot JK \u0160rotmetal vznikl v&nbsp;roce 2009. Provozovna&nbsp;se za\u010dala postupn\u011b roz\u0161i\u0159ovat a prostory nedosta\u010dovat. V roce 2014 se proto&nbsp;<strong>sb\u011brna p\u0159est\u011bhovala do pr\u016fmyslov\u00e9 z\u00f3ny v&nbsp;Kunovic\u00edch (u obchvatu).<\/strong> Zde&nbsp;n\u00e1s v&nbsp;sou\u010dasn\u00e9 dob\u011b tak\u00e9&nbsp;naleznete.<\/p>\n<p style=\"text-align: justify;\">V&nbsp;na\u0161\u00ed provozovn\u011b vykupujeme \u017eelezn\u00fd \u0161rot a barevn\u00e9 kovy od jednotliv\u00fdch z\u00e1kazn\u00edk\u016f i od firem. Po p\u0159\u00edjezdu do sb\u011brny v\u00e1m \u0161kolen\u00ed pracovn\u00edci dovezen\u00fd odpad (kovy) vyt\u0159\u00edd\u00ed a zv\u00e1\u017e\u00ed na mostov\u00e9 nebo digit\u00e1ln\u00ed v\u00e1ze. N\u00e1sledn\u011b v\u00e1m pracovnice na p\u0159ep\u00e1\u017ece vystav\u00ed doklad a bezhotovostn\u011b za\u0161le pen\u00edze na bankovn\u00ed \u00fa\u010det (po dohod\u011b slo\u017eenkou). Spokojen\u00fd z\u00e1kazn\u00edk je pro n\u00e1s d\u016fle\u017eit\u00fd! Nev\u00e1hejte n\u00e1m p\u0159\u00edpadn\u00e9 dotazy, p\u0159ipom\u00ednky nebo i pochvaly napsat na e-mail: <a href=\"mailto:katkaosohova@seznam.cz\">katkaosohova@seznam.cz<\/a><\/p>\n<p style=\"text-align: justify;\">Vyu\u017e\u00edv\u00e1me vlastn\u00ed vozov\u00fd park, d\u00edky kter\u00e9mu <span style=\"color: #ff0000;\"><span style=\"color: #000000;\">V\u00e1m p\u0159in\u00e1\u0161\u00edme<\/span><\/span><span style=\"color: #000000;\"><strong> mo\u017enost odvozu kovov\u00e9ho odpadu p\u0159i v\u011bt\u0161\u00edm mno\u017estv\u00edm.<\/strong>&nbsp; Sta\u010d\u00ed zavolat na <strong>tel.: +420 608 124 127.<\/strong> <\/span>R\u00e1di v\u0161e za\u0159\u00edd\u00edme k Va\u0161\u00ed pln\u00e9 spokojenosti.<\/p>\n<p><a href=\"http:\/\/www.jksrotmetal.cz\/wp-content\/uploads\/2014\/12\/motiv1.jpg\"><img loading=\"lazy\" class=\"aligncenter size-full wp-image-24\" src=\"http:\/\/www.jksrotmetal.cz\/wp-content\/uploads\/2014\/12\/motiv1.jpg\" alt=\"motiv1\" width=\"1002\" height=\"253\" srcset=\"https:\/\/www.jksrotmetal.cz\/wp-content\/uploads\/2014\/12\/motiv1.jpg 1002w, https:\/\/www.jksrotmetal.cz\/wp-content\/uploads\/2014\/12\/motiv1-300x76.jpg 300w\" sizes=\"(max-width: 1002px) 100vw, 1002px\" \/><\/a><\/p>\n<h2>Kovo\u0161rot a&nbsp;ochrana \u017eivotn\u00edho prost\u0159ed\u00ed<\/h2>\n<p style=\"text-align: justify;\">Podle stavu, druhu a&nbsp;mno\u017estv\u00ed kovov\u00e9ho odpadu zvol\u00edme nejvhodn\u011bj\u0161\u00ed zp\u016fsob dal\u0161\u00ed \u00fapravy za dodr\u017eov\u00e1n\u00ed podm\u00ednek ochrany \u017eivotn\u00edho prost\u0159ed\u00ed.<\/p>\n<p style=\"text-align: justify;\"><strong>Kovov\u00e9 odpady <\/strong>(kovo\u0161rot) nesm\u011bj\u00ed obsahovat l\u00e1tky zdrav\u00ed \u0161kodliv\u00e9, v\u00fdbu\u0161n\u00e9, vyza\u0159uj\u00edc\u00ed nebezpe\u010dn\u00e9 z\u00e1\u0159en\u00ed, p\u0159edm\u011bty s&nbsp;uzav\u0159en\u00fdmi dutinami a&nbsp;v\u0161echny ostatn\u00ed p\u0159edm\u011bty, kter\u00e9 by mohly p\u0159i manipulaci, \u00faprav\u011b a&nbsp;zpracov\u00e1n\u00ed ohrozit zdrav\u00ed a&nbsp;bezpe\u010dnost lid\u00ed, \u017eivotn\u00ed prost\u0159ed\u00ed nebo zp\u016fsobit \u0161kodu. Kovov\u00e9 odpady a barevn\u00e9 kovy vykupujeme ve v\u0161ech druz\u00edch a&nbsp;v&nbsp;neomezen\u00e9m mno\u017estv\u00ed.<\/p>\n<p>Ceny \u017eelezn\u00e9ho \u0161rotu (kovo\u0161rotu) se krom\u011b situace na trhu s&nbsp;kovov\u00fdm odpadem odv\u00edj\u00ed od tlou\u0161\u0165ky, rozm\u011br\u016f materi\u00e1lu a&nbsp;chemick\u00e9ho slo\u017een\u00ed.&nbsp;<strong>Aktu\u00e1ln\u00ed ceny najdete v <span style=\"color: #ff0000;\"><a style=\"color: #ff0000;\" title=\"cen\u00edk\" href=\"http:\/\/www.jksrotmetal.cz\/?page_id=26\">cen\u00edku<\/a><\/span>.<big>&nbsp;<\/big><\/strong><\/p>\n<\/div>\n","protected":false},"excerpt":{"rendered":"<p>V\u00fdkup \u017eeleza a barevn\u00fdch kov\u016f Kovo\u0161rot JK \u0160rotmetal vznikl v&nbsp;roce 2009. Provozovna&nbsp;se za\u010dala postupn\u011b roz\u0161i\u0159ovat a prostory nedosta\u010dovat. V roce 2014 se proto&nbsp;sb\u011brna p\u0159est\u011bhovala do pr\u016fmyslov\u00e9 z\u00f3ny v&nbsp;Kunovic\u00edch (u obchvatu). Zde&nbsp;n\u00e1s v&nbsp;sou\u010dasn\u00e9 dob\u011b tak\u00e9&nbsp;naleznete. V&nbsp;na\u0161\u00ed provozovn\u011b vykupujeme \u017eelezn\u00fd \u0161rot a barevn\u00e9 kovy od jednotliv\u00fdch z\u00e1kazn\u00edk\u016f i od firem. Po p\u0159\u00edjezdu do sb\u011brny v\u00e1m \u0161kolen\u00ed pracovn\u00edci&#8230; <\/p>\n","protected":false},"author":1,"featured_media":0,"parent":0,"menu_order":0,"comment_status":"closed","ping_status":"closed","template":"","meta":{"ngg_post_thumbnail":0},"_links":{"self":[{"href":"https:\/\/www.jksrotmetal.cz\/index.php?rest_route=\/wp\/v2\/pages\/2"}],"collection":[{"href":"https:\/\/www.jksrotmetal.cz\/index.php?rest_route=\/wp\/v2\/pages"}],"about":[{"href":"https:\/\/www.jksrotmetal.cz\/index.php?rest_route=\/wp\/v2\/types\/page"}],"author":[{"embeddable":true,"href":"https:\/\/www.jksrotmetal.cz\/index.php?rest_route=\/wp\/v2\/users\/1"}],"replies":[{"embeddable":true,"href":"https:\/\/www.jksrotmetal.cz\/index.php?rest_route=%2Fwp%2Fv2%2Fcomments&post=2"}],"version-history":[{"count":13,"href":"https:\/\/www.jksrotmetal.cz\/index.php?rest_route=\/wp\/v2\/pages\/2\/revisions"}],"predecessor-version":[{"id":692,"href":"https:\/\/www.jksrotmetal.cz\/index.php?rest_route=\/wp\/v2\/pages\/2\/revisions\/692"}],"wp:attachment":[{"href":"https:\/\/www.jksrotmetal.cz\/index.php?rest_route=%2Fwp%2Fv2%2Fmedia&parent=2"}],"curies":[{"name":"wp","href":"https:\/\/api.w.org\/{rel}","templated":true}]}}